{"id":456,"date":"2024-04-13T07:37:31","date_gmt":"2024-04-13T07:37:31","guid":{"rendered":"https:\/\/ziaja-portfolio.com.pl\/?page_id=456"},"modified":"2025-02-16T17:51:50","modified_gmt":"2025-02-16T17:51:50","slug":"branding","status":"publish","type":"page","link":"https:\/\/ziaja-portfolio.com.pl\/index.php\/branding\/","title":{"rendered":"Branding"},"content":{"rendered":"\t\t<div data-elementor-type=\"wp-page\" data-elementor-id=\"456\" class=\"elementor elementor-456\">\n\t\t\t\t<div data-particle_enable=\"false\" data-particle-mobile-disabled=\"false\" class=\"elementor-element elementor-element-566c822 e-flex e-con-boxed e-con e-parent\" data-id=\"566c822\" data-element_type=\"container\" data-e-type=\"container\">\n\t\t\t\t\t<div class=\"e-con-inner\">\n\t\t\t\t<div class=\"elementor-element elementor-element-aeff97e elementor-widget elementor-widget-heading\" data-id=\"aeff97e\" data-element_type=\"widget\" data-e-type=\"widget\" data-widget_type=\"heading.default\">\n\t\t\t\t<div class=\"elementor-widget-container\">\n\t\t\t\t\t<h1 class=\"elementor-heading-title elementor-size-default\"><p data-start=\"28\" data-end=\"359\"><span style=\"color: var( --e-global-color-primary );font-family: Butler, sans-serif;font-size: 66px;font-weight: normal;letter-spacing: -1.1px;background-color: var( --e-global-color-c696dce )\">Branding<\/span><\/p><\/h1>\t\t\t\t<\/div>\n\t\t\t\t<\/div>\n\t\t\t\t<div class=\"elementor-element elementor-element-fcd2180 elementor-widget elementor-widget-text-editor\" data-id=\"fcd2180\" data-element_type=\"widget\" data-e-type=\"widget\" data-widget_type=\"text-editor.default\">\n\t\t\t\t<div class=\"elementor-widget-container\">\n\t\t\t\t\t\t\t\t\t<p style=\"text-align: center;\" data-start=\"28\" data-end=\"359\">Silna identyfikacja wizualna to klucz do rozpoznawalno\u015bci. Tworz\u0119 <strong data-start=\"86\" data-end=\"128\">sp\u00f3jne i unikalne projekty brandingowe<\/strong>, obejmuj\u0105ce logo, key visuale, materia\u0142y promocyjne i identyfikacj\u0119 marki. Moje podej\u015bcie \u0142\u0105czy estetyk\u0119 z funkcjonalno\u015bci\u0105, pomagaj\u0105c budowa\u0107 wyrazisty i zapadaj\u0105cy w pami\u0119\u0107 wizerunek.\u00a0<\/p>\t\t\t\t\t\t\t\t<\/div>\n\t\t\t\t<\/div>\n\t\t<div data-particle_enable=\"false\" data-particle-mobile-disabled=\"false\" class=\"elementor-element elementor-element-6e33007 e-flex e-con-boxed e-con e-child\" data-id=\"6e33007\" data-element_type=\"container\" data-e-type=\"container\">\n\t\t\t\t\t<div class=\"e-con-inner\">\n\t\t<div data-particle_enable=\"false\" data-particle-mobile-disabled=\"false\" class=\"elementor-element elementor-element-e3e160e e-con-full e-flex e-con e-child\" data-id=\"e3e160e\" data-element_type=\"container\" data-e-type=\"container\">\n\t\t\t\t<div class=\"elementor-element elementor-element-7e404fe eael-fg-hoverer-content-align-left elementor-widget elementor-widget-eael-filterable-gallery\" data-id=\"7e404fe\" data-element_type=\"widget\" data-e-type=\"widget\" data-settings=\"{&quot;photo_gallery&quot;:&quot;yes&quot;}\" data-widget_type=\"eael-filterable-gallery.default\">\n\t\t\t\t<div class=\"elementor-widget-container\">\n\t\t\t\t\t<style id=\"eael-fg-inline-css-7e404fe\">@media only screen and (max-width: 2399px) {\n\t\t\t\t\t.elementor-element.elementor-element-7e404fe .eael-filterable-gallery-item-wrap {\n\t\t\t\t\t        width: 50%;\n\t\t\t\t\t    }\n\t\t\t\t\t}@media only screen and (max-width: 1024px) {\n\t\t\t\t\t.elementor-element.elementor-element-7e404fe  .eael-filterable-gallery-item-wrap {\n\t\t\t\t\t        width: 50%;\n\t\t\t\t\t    }\n\t\t\t\t\t}@media only screen and (max-width: 767px) {\n\t\t\t\t\t.elementor-element.elementor-element-7e404fe  .eael-filterable-gallery-item-wrap {\n\t\t\t\t\t        width: 100%;\n\t\t\t\t\t    }\n\t\t\t\t\t}<\/style>        <div id=\"eael-filter-gallery-wrapper-7e404fe\" class=\"eael-filter-gallery-wrapper\" data-layout-mode=\"hoverer\" data-breakpoints=\"{&quot;mobile&quot;:{&quot;label&quot;:&quot;Mobilny pionowy&quot;,&quot;value&quot;:767,&quot;default_value&quot;:767,&quot;direction&quot;:&quot;max&quot;,&quot;is_enabled&quot;:true},&quot;mobile_extra&quot;:{&quot;label&quot;:&quot;Mobilny poziomy&quot;,&quot;value&quot;:880,&quot;default_value&quot;:880,&quot;direction&quot;:&quot;max&quot;,&quot;is_enabled&quot;:false},&quot;tablet&quot;:{&quot;label&quot;:&quot;Pionowy tablet&quot;,&quot;value&quot;:1024,&quot;default_value&quot;:1024,&quot;direction&quot;:&quot;max&quot;,&quot;is_enabled&quot;:true},&quot;tablet_extra&quot;:{&quot;label&quot;:&quot;Poziomy tablet&quot;,&quot;value&quot;:1200,&quot;default_value&quot;:1200,&quot;direction&quot;:&quot;max&quot;,&quot;is_enabled&quot;:false},&quot;laptop&quot;:{&quot;label&quot;:&quot;Laptop&quot;,&quot;value&quot;:1366,&quot;default_value&quot;:1366,&quot;direction&quot;:&quot;max&quot;,&quot;is_enabled&quot;:false},&quot;widescreen&quot;:{&quot;label&quot;:&quot;Szeroki ekran&quot;,&quot;value&quot;:2400,&quot;default_value&quot;:2400,&quot;direction&quot;:&quot;min&quot;,&quot;is_enabled&quot;:false}}\" data-default_control_key=\"0\" data-custom_default_control=\"1\">\n                    <div class=\"eael-filter-gallery-container masonry\" data-images-per-page=\"\" data-total-gallery-items=\"1\" data-nomore-item-text=\"\" data-is-randomize=\"yes\" data-settings=\"{&quot;grid_style&quot;:&quot;masonry&quot;,&quot;popup&quot;:&quot;none&quot;,&quot;duration&quot;:500,&quot;gallery_enabled&quot;:&quot;yes&quot;,&quot;video_gallery_yt_privacy&quot;:&quot;&quot;,&quot;control_all_text&quot;:null,&quot;post_id&quot;:456,&quot;widget_id&quot;:&quot;7e404fe&quot;}\" data-search-all=\"\" data-gallery-items=\"WyI8ZGl2IGNsYXNzPVwiZWFlbC1maWx0ZXJhYmxlLWdhbGxlcnktaXRlbS13cmFwXCI+XG5cdFx0XHRcdDxkaXYgY2xhc3M9XCJlYWVsLWdhbGxlcnktZ3JpZC1pdGVtXCI+PGEgaHJlZj1cImh0dHBzOlwvXC96aWFqYS1wb3J0Zm9saW8uY29tLnBsXC9pbmRleC5waHBcLzIwMjVcLzAyXC8xNlwvbGFraWVyeS1rbGFzeWN6bmUtbmVlc3NhXC9cIiB0YXJnZXQ9XCJfYmxhbmtcIj48ZGl2IGNsYXNzPVwiZ2FsbGVyeS1pdGVtLXRodW1ibmFpbC13cmFwXCI+PGltZyB3aWR0aD1cIjMwMFwiIGhlaWdodD1cIjE3MFwiIHNyYz1cImh0dHBzOlwvXC96aWFqYS1wb3J0Zm9saW8uY29tLnBsXC93cC1jb250ZW50XC91cGxvYWRzXC8yMDI1XC8wMlwvdGxvLTMwMHgxNzAuanBnXCIgY2xhc3M9XCJhdHRhY2htZW50LW1lZGl1bSBzaXplLW1lZGl1bSB3cC1pbWFnZS0xNDA3XCIgYWx0PVwiXCIgc3Jjc2V0PVwiaHR0cHM6XC9cL3ppYWphLXBvcnRmb2xpby5jb20ucGxcL3dwLWNvbnRlbnRcL3VwbG9hZHNcLzIwMjVcLzAyXC90bG8tMzAweDE3MC5qcGcgMzAwdywgaHR0cHM6XC9cL3ppYWphLXBvcnRmb2xpby5jb20ucGxcL3dwLWNvbnRlbnRcL3VwbG9hZHNcLzIwMjVcLzAyXC90bG8tMTAyNHg1NzkuanBnIDEwMjR3LCBodHRwczpcL1wvemlhamEtcG9ydGZvbGlvLmNvbS5wbFwvd3AtY29udGVudFwvdXBsb2Fkc1wvMjAyNVwvMDJcL3Rsby03Njh4NDM0LmpwZyA3Njh3LCBodHRwczpcL1wvemlhamEtcG9ydGZvbGlvLmNvbS5wbFwvd3AtY29udGVudFwvdXBsb2Fkc1wvMjAyNVwvMDJcL3Rsby0xNTM2eDg2OC5qcGcgMTUzNncsIGh0dHBzOlwvXC96aWFqYS1wb3J0Zm9saW8uY29tLnBsXC93cC1jb250ZW50XC91cGxvYWRzXC8yMDI1XC8wMlwvdGxvLTIwNDh4MTE1OC5qcGcgMjA0OHcsIGh0dHBzOlwvXC96aWFqYS1wb3J0Zm9saW8uY29tLnBsXC93cC1jb250ZW50XC91cGxvYWRzXC8yMDI1XC8wMlwvdGxvLTgwMHg0NTAuanBnIDgwMHdcIiBzaXplcz1cIihtYXgtd2lkdGg6IDMwMHB4KSAxMDB2dywgMzAwcHhcIiBcLz48XC9kaXY+PGRpdiBjbGFzcz1cImdhbGxlcnktaXRlbS1jYXB0aW9uLXdyYXAgY2FwdGlvbi1zdHlsZS1ob3ZlcmVyIGVhZWwtc2xpZGUtdXBcIj48ZGl2IGNsYXNzPVwiZ2FsbGVyeS1pdGVtLWhvdmVyZXItYmdcIj48XC9kaXY+PGRpdiBjbGFzcz1cImdhbGxlcnktaXRlbS1jYXB0aW9uLW92ZXJcIj48aDIgY2xhc3M9XCJmZy1pdGVtLXRpdGxlXCI+TGFraWVyeSBLbGFzeWN6bmUgTmVlc3MnYSA8XC9oMj48ZGl2IGNsYXNzPVwiZmctaXRlbS1jb250ZW50XCI+PGRpdiBjbGFzcz1cImVsZW1lbnRvci1lbGVtZW50IGVsZW1lbnRvci1lbGVtZW50LTI2ZTM2MWQzIGUtZmxleCBlLWNvbi1ib3hlZCBlLWNvbiBlLXBhcmVudCBlLWxhenlsb2FkZWQgZWxlbWVudG9yLW1vdGlvbi1lZmZlY3RzLWVsZW1lbnQgZWxlbWVudG9yLW1vdGlvbi1lZmZlY3RzLWVsZW1lbnQtdHlwZS1iYWNrZ3JvdW5kXCI+XG48ZGl2IGNsYXNzPVwiZS1jb24taW5uZXJcIj5cbjxkaXYgY2xhc3M9XCJlbGVtZW50b3ItZWxlbWVudCBlbGVtZW50b3ItZWxlbWVudC02OTJjNzZiZiBlbGVtZW50b3Itd2lkZ2V0IGVsZW1lbnRvci13aWRnZXQtdGV4dC1lZGl0b3JcIj5cbjxkaXYgY2xhc3M9XCJlbGVtZW50b3Itd2lkZ2V0LWNvbnRhaW5lclwiPlxuPGRpdiBjbGFzcz1cImVsZW1lbnRvci1lbGVtZW50IGVsZW1lbnRvci1lbGVtZW50LTI2ZTM2MWQzIGUtZmxleCBlLWNvbi1ib3hlZCBlLWNvbiBlLXBhcmVudCBlbGVtZW50b3ItbW90aW9uLWVmZmVjdHMtZWxlbWVudCBlbGVtZW50b3ItbW90aW9uLWVmZmVjdHMtZWxlbWVudC10eXBlLWJhY2tncm91bmQgZS1sYXp5bG9hZGVkXCI+XG48ZGl2IGNsYXNzPVwiZS1jb24taW5uZXJcIj5cbjxkaXYgY2xhc3M9XCJlbGVtZW50b3ItZWxlbWVudCBlbGVtZW50b3ItZWxlbWVudC02OTJjNzZiZiBlbGVtZW50b3Itd2lkZ2V0IGVsZW1lbnRvci13aWRnZXQtdGV4dC1lZGl0b3JcIj5cbjxkaXYgY2xhc3M9XCJlbGVtZW50b3Itd2lkZ2V0LWNvbnRhaW5lclwiPlxuPHA+TW9pbSB6YWRhbmllbSBieVx1MDE0Mm8gemFwcm9qZWt0b3dhbmllIHByemV6cm9jenlzdHljaCBldHlraWV0IGRsYSBsYWtpZXJcdTAwZjN3IGtsYXN5Y3pueWNoLCBkZWR5a293YW55Y2ggZHJvZ2VyaWkgSGViZS4gUHJvamVrdCBtaWFcdTAxNDIgYnlcdTAxMDcgbWluaW1hbGlzdHljem55LCBwcnplanJ6eXN0eSBpIHpnb2RueSB6IGJyYW5kaW5naWVtIG1hcmtpLjxcL3A+XG48cD5OYWp3aVx1MDExOWtzenltIHd5endhbmllbSBieVx1MDE0MmEgd3NwXHUwMGYzXHUwMTQycHJhY2EgeiBkcnVrYXJuaVx1MDEwNSwgc3pjemVnXHUwMGYzbG5pZSBkb3Bhc293YW5pZSBvZGNpZW5pYSBjemVybmkgZGxhIGN6eXRlbG5lZ28gbGl0ZXJuaWN0d2EuIER6aVx1MDExOWtpIG1ldG9kemllIHByXHUwMGYzYiBpIGJcdTAxNDJcdTAxMTlkXHUwMGYzdyBvcmF6IGRvYnJlaiBrb211bmlrYWNqaSB1ZGFcdTAxNDJvIHNpXHUwMTE5IG9zaVx1MDEwNWduXHUwMTA1XHUwMTA3IHNhdHlzZmFrY2pvbnVqXHUwMTA1Y3kgZWZla3QuPFwvcD5cbjxwPlx1MDBhMDxcL3A+XG48XC9kaXY+XG48XC9kaXY+XG48XC9kaXY+XG48XC9kaXY+XG48XC9kaXY+XG48XC9kaXY+XG48XC9kaXY+XG48XC9kaXY+XG48XC9kaXY+PFwvZGl2PjxcL2Rpdj48XC9hPjxcL2Rpdj48XC9kaXY+Il0=\" data-init-show=\"6\">\n            <div class=\"eael-filterable-gallery-item-wrap\">\n\t\t\t\t<div class=\"eael-gallery-grid-item\"><a href=\"https:\/\/ziaja-portfolio.com.pl\/index.php\/2025\/02\/16\/lakiery-klasyczne-neessa\/\" target=\"_blank\"><div class=\"gallery-item-thumbnail-wrap\"><img fetchpriority=\"high\" decoding=\"async\" width=\"300\" height=\"170\" src=\"https:\/\/ziaja-portfolio.com.pl\/wp-content\/uploads\/2025\/02\/tlo-300x170.jpg\" class=\"attachment-medium size-medium wp-image-1407\" alt=\"\" srcset=\"https:\/\/ziaja-portfolio.com.pl\/wp-content\/uploads\/2025\/02\/tlo-300x170.jpg 300w, https:\/\/ziaja-portfolio.com.pl\/wp-content\/uploads\/2025\/02\/tlo-1024x579.jpg 1024w, https:\/\/ziaja-portfolio.com.pl\/wp-content\/uploads\/2025\/02\/tlo-768x434.jpg 768w, https:\/\/ziaja-portfolio.com.pl\/wp-content\/uploads\/2025\/02\/tlo-1536x868.jpg 1536w, https:\/\/ziaja-portfolio.com.pl\/wp-content\/uploads\/2025\/02\/tlo-2048x1158.jpg 2048w, https:\/\/ziaja-portfolio.com.pl\/wp-content\/uploads\/2025\/02\/tlo-800x450.jpg 800w\" sizes=\"(max-width: 300px) 100vw, 300px\" \/><\/div><div class=\"gallery-item-caption-wrap caption-style-hoverer eael-slide-up\"><div class=\"gallery-item-hoverer-bg\"><\/div><div class=\"gallery-item-caption-over\"><h2 class=\"fg-item-title\">Lakiery Klasyczne Neess'a <\/h2><div class=\"fg-item-content\"><div class=\"elementor-element elementor-element-26e361d3 e-flex e-con-boxed e-con e-parent e-lazyloaded elementor-motion-effects-element elementor-motion-effects-element-type-background\">\n<div class=\"e-con-inner\">\n<div class=\"elementor-element elementor-element-692c76bf elementor-widget elementor-widget-text-editor\">\n<div class=\"elementor-widget-container\">\n<div class=\"elementor-element elementor-element-26e361d3 e-flex e-con-boxed e-con e-parent elementor-motion-effects-element elementor-motion-effects-element-type-background e-lazyloaded\">\n<div class=\"e-con-inner\">\n<div class=\"elementor-element elementor-element-692c76bf elementor-widget elementor-widget-text-editor\">\n<div class=\"elementor-widget-container\">\n<p>Moim zadaniem by\u0142o zaprojektowanie przezroczystych etykiet dla lakier\u00f3w klasycznych, dedykowanych drogerii Hebe. Projekt mia\u0142 by\u0107 minimalistyczny, przejrzysty i zgodny z brandingiem marki.<\/p>\n<p>Najwi\u0119kszym wyzwaniem by\u0142a wsp\u00f3\u0142praca z drukarni\u0105, szczeg\u00f3lnie dopasowanie odcienia czerni dla czytelnego liternictwa. Dzi\u0119ki metodzie pr\u00f3b i b\u0142\u0119d\u00f3w oraz dobrej komunikacji uda\u0142o si\u0119 osi\u0105gn\u0105\u0107 satysfakcjonuj\u0105cy efekt.<\/p>\n<p>\u00a0<\/p>\n<\/div>\n<\/div>\n<\/div>\n<\/div>\n<\/div>\n<\/div>\n<\/div>\n<\/div>\n<\/div><\/div><\/div><\/a><\/div><\/div>        <\/div>\n                <\/div>\n        \n        \t\t\t\t<\/div>\n\t\t\t\t<\/div>\n\t\t\t\t<\/div>\n\t\t\t\t\t<\/div>\n\t\t\t\t<\/div>\n\t\t\t\t\t<\/div>\n\t\t\t\t<\/div>\n\t\t\t\t<\/div>\n\t\t","protected":false},"excerpt":{"rendered":"<p>Branding Silna identyfikacja wizualna to klucz do rozpoznawalno\u015bci. Tworz\u0119 sp\u00f3jne i unikalne projekty brandingowe, obejmuj\u0105ce logo, key visuale, materia\u0142y promocyjne i identyfikacj\u0119 marki. Moje podej\u015bcie \u0142\u0105czy estetyk\u0119 z funkcjonalno\u015bci\u0105, pomagaj\u0105c budowa\u0107 wyrazisty i zapadaj\u0105cy w pami\u0119\u0107 wizerunek.\u00a0 Lakiery Klasyczne Neess&#8217;a Moim zadaniem by\u0142o zaprojektowanie przezroczystych etykiet dla lakier\u00f3w klasycznych, dedykowanych drogerii Hebe. Projekt mia\u0142 by\u0107 [&hellip;]<\/p>\n","protected":false},"author":1,"featured_media":0,"parent":0,"menu_order":0,"comment_status":"closed","ping_status":"closed","template":"","meta":{"_acf_changed":false,"_eb_attr":"","inline_featured_image":false,"footnotes":""},"class_list":["post-456","page","type-page","status-publish","hentry","entry"],"acf":[],"_links":{"self":[{"href":"https:\/\/ziaja-portfolio.com.pl\/index.php\/wp-json\/wp\/v2\/pages\/456","targetHints":{"allow":["GET"]}}],"collection":[{"href":"https:\/\/ziaja-portfolio.com.pl\/index.php\/wp-json\/wp\/v2\/pages"}],"about":[{"href":"https:\/\/ziaja-portfolio.com.pl\/index.php\/wp-json\/wp\/v2\/types\/page"}],"author":[{"embeddable":true,"href":"https:\/\/ziaja-portfolio.com.pl\/index.php\/wp-json\/wp\/v2\/users\/1"}],"replies":[{"embeddable":true,"href":"https:\/\/ziaja-portfolio.com.pl\/index.php\/wp-json\/wp\/v2\/comments?post=456"}],"version-history":[{"count":10,"href":"https:\/\/ziaja-portfolio.com.pl\/index.php\/wp-json\/wp\/v2\/pages\/456\/revisions"}],"predecessor-version":[{"id":1419,"href":"https:\/\/ziaja-portfolio.com.pl\/index.php\/wp-json\/wp\/v2\/pages\/456\/revisions\/1419"}],"wp:attachment":[{"href":"https:\/\/ziaja-portfolio.com.pl\/index.php\/wp-json\/wp\/v2\/media?parent=456"}],"curies":[{"name":"wp","href":"https:\/\/api.w.org\/{rel}","templated":true}]}}