{"id":452,"date":"2024-04-13T07:37:53","date_gmt":"2024-04-13T07:37:53","guid":{"rendered":"https:\/\/ziaja-portfolio.com.pl\/?page_id=452"},"modified":"2025-02-16T12:32:40","modified_gmt":"2025-02-16T12:32:40","slug":"komiksowe","status":"publish","type":"page","link":"https:\/\/ziaja-portfolio.com.pl\/index.php\/komiksowe\/","title":{"rendered":"Komiksowe"},"content":{"rendered":"\t\t<div data-elementor-type=\"wp-page\" data-elementor-id=\"452\" class=\"elementor elementor-452\">\n\t\t\t\t<div data-particle_enable=\"false\" data-particle-mobile-disabled=\"false\" class=\"elementor-element elementor-element-1be13017 e-flex e-con-boxed e-con e-parent\" data-id=\"1be13017\" data-element_type=\"container\" data-e-type=\"container\">\n\t\t\t\t\t<div class=\"e-con-inner\">\n\t\t\t\t<div class=\"elementor-element elementor-element-5af509fe elementor-widget elementor-widget-heading\" data-id=\"5af509fe\" data-element_type=\"widget\" data-e-type=\"widget\" data-widget_type=\"heading.default\">\n\t\t\t\t<div class=\"elementor-widget-container\">\n\t\t\t\t\t<h1 class=\"elementor-heading-title elementor-size-default\">Ilustracje komiskowe <\/h1>\t\t\t\t<\/div>\n\t\t\t\t<\/div>\n\t\t\t\t<div class=\"elementor-element elementor-element-42f89503 elementor-widget elementor-widget-text-editor\" data-id=\"42f89503\" data-element_type=\"widget\" data-e-type=\"widget\" data-widget_type=\"text-editor.default\">\n\t\t\t\t<div class=\"elementor-widget-container\">\n\t\t\t\t\t\t\t\t\t<p style=\"text-align: center;\">Witaj w sekcji po\u015bwi\u0119conej mojej pasji do komiksowych rysunk\u00f3w! Komiks to nie tylko obrazki z dymkami \u2013 to medium pe\u0142ne emocji, dynamiki i kreatywno\u015bci, kt\u00f3re od lat fascynuje miliony ludzi na ca\u0142ym \u015bwiecie. Moje prace \u0142\u0105cz\u0105 klasyczn\u0105 estetyk\u0119 komiksu z nowoczesnymi technikami ilustracyjnymi, tworz\u0105c unikalne historie i postaci, kt\u00f3re o\u017cywaj\u0105 na papierze i ekranie. Znajdziesz tutaj te\u017c kolorowanie komiks\u00f3w kt\u00f3re lubi\u0119 robi\u0107 hobbystycznie.&nbsp;<\/p>\t\t\t\t\t\t\t\t<\/div>\n\t\t\t\t<\/div>\n\t\t<div data-particle_enable=\"false\" data-particle-mobile-disabled=\"false\" class=\"elementor-element elementor-element-51734174 e-flex e-con-boxed e-con e-child\" data-id=\"51734174\" data-element_type=\"container\" data-e-type=\"container\">\n\t\t\t\t\t<div class=\"e-con-inner\">\n\t\t\t\t\t<\/div>\n\t\t\t\t<\/div>\n\t\t\t\t\t<\/div>\n\t\t\t\t<\/div>\n\t\t<div data-particle_enable=\"false\" data-particle-mobile-disabled=\"false\" class=\"elementor-element elementor-element-47bbd57b e-flex e-con-boxed e-con e-parent\" data-id=\"47bbd57b\" data-element_type=\"container\" data-e-type=\"container\">\n\t\t\t\t\t<div class=\"e-con-inner\">\n\t\t\t\t<div class=\"elementor-element elementor-element-34483905 eael-fg-hoverer-content-align-left elementor-widget elementor-widget-eael-filterable-gallery\" data-id=\"34483905\" data-element_type=\"widget\" data-e-type=\"widget\" data-settings=\"{&quot;photo_gallery&quot;:&quot;yes&quot;}\" data-widget_type=\"eael-filterable-gallery.default\">\n\t\t\t\t<div class=\"elementor-widget-container\">\n\t\t\t\t\t<style id=\"eael-fg-inline-css-34483905\">@media only screen and (max-width: 2399px) {\n\t\t\t\t\t.elementor-element.elementor-element-34483905 .eael-filterable-gallery-item-wrap {\n\t\t\t\t\t        width: 33.333333333333%;\n\t\t\t\t\t    }\n\t\t\t\t\t}@media only screen and (max-width: 1024px) {\n\t\t\t\t\t.elementor-element.elementor-element-34483905  .eael-filterable-gallery-item-wrap {\n\t\t\t\t\t        width: 50%;\n\t\t\t\t\t    }\n\t\t\t\t\t}@media only screen and (max-width: 767px) {\n\t\t\t\t\t.elementor-element.elementor-element-34483905  .eael-filterable-gallery-item-wrap {\n\t\t\t\t\t        width: 100%;\n\t\t\t\t\t    }\n\t\t\t\t\t}<\/style>        <div id=\"eael-filter-gallery-wrapper-34483905\" class=\"eael-filter-gallery-wrapper\" data-layout-mode=\"hoverer\" data-breakpoints=\"{&quot;mobile&quot;:{&quot;label&quot;:&quot;Mobilny pionowy&quot;,&quot;value&quot;:767,&quot;default_value&quot;:767,&quot;direction&quot;:&quot;max&quot;,&quot;is_enabled&quot;:true},&quot;mobile_extra&quot;:{&quot;label&quot;:&quot;Mobilny poziomy&quot;,&quot;value&quot;:880,&quot;default_value&quot;:880,&quot;direction&quot;:&quot;max&quot;,&quot;is_enabled&quot;:false},&quot;tablet&quot;:{&quot;label&quot;:&quot;Pionowy tablet&quot;,&quot;value&quot;:1024,&quot;default_value&quot;:1024,&quot;direction&quot;:&quot;max&quot;,&quot;is_enabled&quot;:true},&quot;tablet_extra&quot;:{&quot;label&quot;:&quot;Poziomy tablet&quot;,&quot;value&quot;:1200,&quot;default_value&quot;:1200,&quot;direction&quot;:&quot;max&quot;,&quot;is_enabled&quot;:false},&quot;laptop&quot;:{&quot;label&quot;:&quot;Laptop&quot;,&quot;value&quot;:1366,&quot;default_value&quot;:1366,&quot;direction&quot;:&quot;max&quot;,&quot;is_enabled&quot;:false},&quot;widescreen&quot;:{&quot;label&quot;:&quot;Szeroki ekran&quot;,&quot;value&quot;:2400,&quot;default_value&quot;:2400,&quot;direction&quot;:&quot;min&quot;,&quot;is_enabled&quot;:false}}\" data-default_control_key=\"0\" data-custom_default_control=\"1\">\n                    <div class=\"eael-filter-gallery-container masonry\" data-images-per-page=\"\" data-total-gallery-items=\"4\" data-nomore-item-text=\"\" data-is-randomize=\"no\" data-settings=\"{&quot;grid_style&quot;:&quot;masonry&quot;,&quot;popup&quot;:&quot;none&quot;,&quot;duration&quot;:500,&quot;gallery_enabled&quot;:&quot;yes&quot;,&quot;video_gallery_yt_privacy&quot;:&quot;&quot;,&quot;control_all_text&quot;:null,&quot;post_id&quot;:452,&quot;widget_id&quot;:&quot;34483905&quot;}\" data-search-all=\"\" data-gallery-items=\"WyI8ZGl2IGNsYXNzPVwiZWFlbC1maWx0ZXJhYmxlLWdhbGxlcnktaXRlbS13cmFwXCI+XG5cdFx0XHRcdDxkaXYgY2xhc3M9XCJlYWVsLWdhbGxlcnktZ3JpZC1pdGVtXCI+PGEgaHJlZj1cImh0dHBzOlwvXC96aWFqYS1wb3J0Zm9saW8uY29tLnBsXC9pbmRleC5waHBcLzIwMjRcLzA2XC8wN1wvcm9iZXJ0by1maXJtaW5vLTUwLWdvbGktdy1wcmVtaWVyLWxlYWd1ZVwvXCI+PGRpdiBjbGFzcz1cImdhbGxlcnktaXRlbS10aHVtYm5haWwtd3JhcFwiPjxpbWcgd2lkdGg9XCIyMTJcIiBoZWlnaHQ9XCIzMDBcIiBzcmM9XCJodHRwczpcL1wvemlhamEtcG9ydGZvbGlvLmNvbS5wbFwvd3AtY29udGVudFwvdXBsb2Fkc1wvMjAyNFwvMDZcLzEwLTIxMngzMDAuanBnXCIgY2xhc3M9XCJhdHRhY2htZW50LW1lZGl1bSBzaXplLW1lZGl1bSB3cC1pbWFnZS04NDBcIiBhbHQ9XCJGaXJtaW5vXCIgc3Jjc2V0PVwiaHR0cHM6XC9cL3ppYWphLXBvcnRmb2xpby5jb20ucGxcL3dwLWNvbnRlbnRcL3VwbG9hZHNcLzIwMjRcLzA2XC8xMC0yMTJ4MzAwLmpwZyAyMTJ3LCBodHRwczpcL1wvemlhamEtcG9ydGZvbGlvLmNvbS5wbFwvd3AtY29udGVudFwvdXBsb2Fkc1wvMjAyNFwvMDZcLzEwLTcyNHgxMDI0LmpwZyA3MjR3LCBodHRwczpcL1wvemlhamEtcG9ydGZvbGlvLmNvbS5wbFwvd3AtY29udGVudFwvdXBsb2Fkc1wvMjAyNFwvMDZcLzEwLTc2OHgxMDg2LmpwZyA3Njh3LCBodHRwczpcL1wvemlhamEtcG9ydGZvbGlvLmNvbS5wbFwvd3AtY29udGVudFwvdXBsb2Fkc1wvMjAyNFwvMDZcLzEwLTEwODZ4MTUzNi5qcGcgMTA4NncsIGh0dHBzOlwvXC96aWFqYS1wb3J0Zm9saW8uY29tLnBsXC93cC1jb250ZW50XC91cGxvYWRzXC8yMDI0XC8wNlwvMTAtMTQ0OHgyMDQ4LmpwZyAxNDQ4dywgaHR0cHM6XC9cL3ppYWphLXBvcnRmb2xpby5jb20ucGxcL3dwLWNvbnRlbnRcL3VwbG9hZHNcLzIwMjRcLzA2XC8xMC1zY2FsZWQuanBnIDE4MTB3XCIgc2l6ZXM9XCIobWF4LXdpZHRoOiAyMTJweCkgMTAwdncsIDIxMnB4XCIgXC8+PFwvZGl2PjxkaXYgY2xhc3M9XCJnYWxsZXJ5LWl0ZW0tY2FwdGlvbi13cmFwIGNhcHRpb24tc3R5bGUtaG92ZXJlciBlYWVsLXNsaWRlLXVwXCI+PGRpdiBjbGFzcz1cImdhbGxlcnktaXRlbS1ob3ZlcmVyLWJnXCI+PFwvZGl2PjxkaXYgY2xhc3M9XCJnYWxsZXJ5LWl0ZW0tY2FwdGlvbi1vdmVyXCI+PGgyIGNsYXNzPVwiZmctaXRlbS10aXRsZVwiPlJvYmVydG8gRmlybWlubyBcdTIwMTMgNTAgZ29saSB3IFByZW1pZXIgbGVhZ3VlLjxcL2gyPjxkaXYgY2xhc3M9XCJmZy1pdGVtLWNvbnRlbnRcIj48ZGl2IGNsYXNzPVwiZWxlbWVudG9yLWVsZW1lbnQgZWxlbWVudG9yLWVsZW1lbnQtMjZlMzYxZDMgZS1mbGV4IGUtY29uLWJveGVkIGUtY29uIGUtcGFyZW50IGUtbGF6eWxvYWRlZCBlbGVtZW50b3ItbW90aW9uLWVmZmVjdHMtZWxlbWVudCBlbGVtZW50b3ItbW90aW9uLWVmZmVjdHMtZWxlbWVudC10eXBlLWJhY2tncm91bmRcIj5cbjxkaXYgY2xhc3M9XCJlLWNvbi1pbm5lclwiPlxuPGRpdiBjbGFzcz1cImVsZW1lbnRvci1lbGVtZW50IGVsZW1lbnRvci1lbGVtZW50LTY5MmM3NmJmIGVsZW1lbnRvci13aWRnZXQgZWxlbWVudG9yLXdpZGdldC10ZXh0LWVkaXRvclwiPlxuPGRpdiBjbGFzcz1cImVsZW1lbnRvci13aWRnZXQtY29udGFpbmVyXCI+XG48cD5SeXN1bmVrIHpyb2Jpb255IHogb2themppIDUwIGJyYW1raSB3IFByZW1pZXIgTGVhZ3VlLCBwcnpleiBSb2JlcnRvIEZpcm1pbm8sIGdyYWN6YSBMaXZlcnBvb2x1IGt0XHUwMGYzcnkgc3RhXHUwMTQyIHNpXHUwMTE5IEJyYXp5bGlqY3p5a2llbSB6IG5handpXHUwMTE5a3N6XHUwMTA1IGxpY3piXHUwMTA1IGdvbGkgdyBuYWp3eVx1MDE3Y3N6ZWoga2xhc2llIHJvemdyeXdrb3dlaiB3IEFuZ2xpaS48XC9wPlxuPFwvZGl2PlxuPFwvZGl2PlxuPFwvZGl2PlxuPFwvZGl2PlxuPGRpdiBjbGFzcz1cImVsZW1lbnRvci1lbGVtZW50IGVsZW1lbnRvci1lbGVtZW50LTI5YmJhYmRhIGUtZmxleCBlLWNvbi1ib3hlZCBlLWNvbiBlLXBhcmVudCBlLWxhenlsb2FkZWRcIj5cbjxkaXYgY2xhc3M9XCJlLWNvbi1pbm5lclwiPlxuPGRpdiBjbGFzcz1cImVsZW1lbnRvci1lbGVtZW50IGVsZW1lbnRvci1lbGVtZW50LTVkYTYwNDEzIGVsZW1lbnRvci13aWRnZXQgZWxlbWVudG9yLXdpZGdldC10aGVtZS1wb3N0LWZlYXR1cmVkLWltYWdlIGVsZW1lbnRvci13aWRnZXQtaW1hZ2VcIj5cdTAwYTA8XC9kaXY+XG48XC9kaXY+XG48XC9kaXY+XG48XC9kaXY+PFwvZGl2PjxcL2Rpdj48XC9hPjxcL2Rpdj48XC9kaXY+IiwiPGRpdiBjbGFzcz1cImVhZWwtZmlsdGVyYWJsZS1nYWxsZXJ5LWl0ZW0td3JhcFwiPlxuXHRcdFx0XHQ8ZGl2IGNsYXNzPVwiZWFlbC1nYWxsZXJ5LWdyaWQtaXRlbVwiPjxhIGhyZWY9XCJodHRwczpcL1wvemlhamEtcG9ydGZvbGlvLmNvbS5wbFwvaW5kZXgucGhwXC8yMDI0XC8xMlwvMjhcL21hbmdhY29sb3JpbmdcL1wiPjxkaXYgY2xhc3M9XCJnYWxsZXJ5LWl0ZW0tdGh1bWJuYWlsLXdyYXBcIj48aW1nIHdpZHRoPVwiMTg0XCIgaGVpZ2h0PVwiMzAwXCIgc3JjPVwiaHR0cHM6XC9cL3ppYWphLXBvcnRmb2xpby5jb20ucGxcL3dwLWNvbnRlbnRcL3VwbG9hZHNcLzIwMjRcLzEyXC9uYXJ0dXRvbWludWF0dXJhLTE4NHgzMDAuanBnXCIgY2xhc3M9XCJhdHRhY2htZW50LW1lZGl1bSBzaXplLW1lZGl1bSB3cC1pbWFnZS0xMTUwXCIgYWx0PVwiXCIgc3Jjc2V0PVwiaHR0cHM6XC9cL3ppYWphLXBvcnRmb2xpby5jb20ucGxcL3dwLWNvbnRlbnRcL3VwbG9hZHNcLzIwMjRcLzEyXC9uYXJ0dXRvbWludWF0dXJhLTE4NHgzMDAuanBnIDE4NHcsIGh0dHBzOlwvXC96aWFqYS1wb3J0Zm9saW8uY29tLnBsXC93cC1jb250ZW50XC91cGxvYWRzXC8yMDI0XC8xMlwvbmFydHV0b21pbnVhdHVyYS5qcGcgNTQxd1wiIHNpemVzPVwiKG1heC13aWR0aDogMTg0cHgpIDEwMHZ3LCAxODRweFwiIFwvPjxcL2Rpdj48ZGl2IGNsYXNzPVwiZ2FsbGVyeS1pdGVtLWNhcHRpb24td3JhcCBjYXB0aW9uLXN0eWxlLWhvdmVyZXIgZWFlbC1zbGlkZS11cFwiPjxkaXYgY2xhc3M9XCJnYWxsZXJ5LWl0ZW0taG92ZXJlci1iZ1wiPjxcL2Rpdj48ZGl2IGNsYXNzPVwiZ2FsbGVyeS1pdGVtLWNhcHRpb24tb3ZlclwiPjxoMiBjbGFzcz1cImZnLWl0ZW0tdGl0bGVcIj5NYW5nYSBDb2xvcmluZzxcL2gyPjxkaXYgY2xhc3M9XCJmZy1pdGVtLWNvbnRlbnRcIj48cD5Nb2phIHByenlnb2RhIHogZ3JhZmlrXHUwMTA1IGkgUGhvdG9zaG9wZW0gcm96cG9jelx1MDExOVx1MDE0MmEgc2lcdTAxMTksIGdkeSBtaWFcdTAxNDJlbSB6YWxlZHdpZSAxMi0xMyBsYXQuIFphZmFzY3lub3dhbnkgXHUwMTVid2lhdGVtIG1hbmdpLCBwb3N0YW5vd2lcdTAxNDJlbSBzcHJcdTAwZjNib3dhXHUwMTA3IHN3b2ljaCBzaVx1MDE0MiB3IGtvbG9yb3dhbml1IHVsdWJpb255Y2ggc2VyaWksIHRha2ljaCBqYWtcdTAwYTBOYXJ1dG8sXHUwMGEwQmxlYWNoXHUwMGEwaVx1MDBhMERyYWdvbiBCYWxsLiBUbyB3XHUwMTQyYVx1MDE1Ym5pZSBvZCB0ZWdvIG1vbWVudHUgemFjelx1MDEwNVx1MDE0MmVtIHJvendpamFcdTAxMDcgc3dvamUgdW1pZWpcdTAxMTl0bm9cdTAxNWJjaSBncmFmaWN6bmUsIGt0XHUwMGYzcmUgeiBjemFzZW0gcHJ6ZXJvZHppXHUwMTQyeSBzaVx1MDExOSB3IHByYXdkeml3XHUwMTA1IHBhc2pcdTAxMTkuPFwvcD5cbjxcL2Rpdj48XC9kaXY+PFwvZGl2PjxcL2E+PFwvZGl2PjxcL2Rpdj4iLCI8ZGl2IGNsYXNzPVwiZWFlbC1maWx0ZXJhYmxlLWdhbGxlcnktaXRlbS13cmFwXCI+XG5cdFx0XHRcdDxkaXYgY2xhc3M9XCJlYWVsLWdhbGxlcnktZ3JpZC1pdGVtXCI+PGEgaHJlZj1cImh0dHBzOlwvXC96aWFqYS1wb3J0Zm9saW8uY29tLnBsXC9pbmRleC5waHBcLzIwMjRcLzEyXC8zMFwvZm9vdGJhbGwtaGVyb2VzXC9cIj48ZGl2IGNsYXNzPVwiZ2FsbGVyeS1pdGVtLXRodW1ibmFpbC13cmFwXCI+PGltZyB3aWR0aD1cIjIwNVwiIGhlaWdodD1cIjMwMFwiIHNyYz1cImh0dHBzOlwvXC96aWFqYS1wb3J0Zm9saW8uY29tLnBsXC93cC1jb250ZW50XC91cGxvYWRzXC8yMDI0XC8xMlwvR2VycmFyZC0yMDV4MzAwLnBuZ1wiIGNsYXNzPVwiYXR0YWNobWVudC1tZWRpdW0gc2l6ZS1tZWRpdW0gd3AtaW1hZ2UtMTIxOFwiIGFsdD1cIlwiIHNyY3NldD1cImh0dHBzOlwvXC96aWFqYS1wb3J0Zm9saW8uY29tLnBsXC93cC1jb250ZW50XC91cGxvYWRzXC8yMDI0XC8xMlwvR2VycmFyZC0yMDV4MzAwLnBuZyAyMDV3LCBodHRwczpcL1wvemlhamEtcG9ydGZvbGlvLmNvbS5wbFwvd3AtY29udGVudFwvdXBsb2Fkc1wvMjAyNFwvMTJcL0dlcnJhcmQtNzAweDEwMjQucG5nIDcwMHcsIGh0dHBzOlwvXC96aWFqYS1wb3J0Zm9saW8uY29tLnBsXC93cC1jb250ZW50XC91cGxvYWRzXC8yMDI0XC8xMlwvR2VycmFyZC03Njh4MTEyNC5wbmcgNzY4dywgaHR0cHM6XC9cL3ppYWphLXBvcnRmb2xpby5jb20ucGxcL3dwLWNvbnRlbnRcL3VwbG9hZHNcLzIwMjRcLzEyXC9HZXJyYXJkLnBuZyA4MjB3XCIgc2l6ZXM9XCIobWF4LXdpZHRoOiAyMDVweCkgMTAwdncsIDIwNXB4XCIgXC8+PFwvZGl2PjxkaXYgY2xhc3M9XCJnYWxsZXJ5LWl0ZW0tY2FwdGlvbi13cmFwIGNhcHRpb24tc3R5bGUtaG92ZXJlciBlYWVsLXNsaWRlLXVwXCI+PGRpdiBjbGFzcz1cImdhbGxlcnktaXRlbS1ob3ZlcmVyLWJnXCI+PFwvZGl2PjxkaXYgY2xhc3M9XCJnYWxsZXJ5LWl0ZW0tY2FwdGlvbi1vdmVyXCI+PGgyIGNsYXNzPVwiZmctaXRlbS10aXRsZVwiPkZvb3RiYWxsIEhlcm9lczxcL2gyPjxkaXYgY2xhc3M9XCJmZy1pdGVtLWNvbnRlbnRcIj48cD5Qcm9qZWt0ICYjODIyMjtGb290YmFsbCBIZXJvZXMmIzgyMjE7IHRvIHNlcmlhIGR5bmFtaWN6bnljaCBpbHVzdHJhY2ppIHN0d29yem9ueWNoIHcgZm9ybWFjaWUga29taWtzb3d5bSwgbWFqXHUwMTA1Y3ljaCBuYSBjZWx1IGNlbGVicmFjalx1MDExOSB3eWJpdG55Y2ggcGlcdTAxNDJrYXJ6eSBpIGljaCBuaWV6YXBvbW5pYW55Y2ggbW9tZW50XHUwMGYzdyBuYSBib2lza3UuIEluc3BpcmFjalx1MDEwNSBkbyBzdHdvcnplbmlhIHRlaiBzZXJpaSBieVx1MDE0MmEgY2hcdTAxMTlcdTAxMDcgb2RkYW5pYSBob1x1MDE0MmR1IGxlZ2VuZG9tIHBpXHUwMTQya2kgbm9cdTAxN2NuZWogb3JheiB1a2F6YW5pZSBpY2ggdyB1bmlrYWxueW0sIGFydHlzdHljem55bSB1alx1MDExOWNpdSwga3RcdTAwZjNyZSBwcnp5Y2lcdTAxMDVnbmllIHV3YWdcdTAxMTkgemFyXHUwMGYzd25vIGZhblx1MDBmM3cgc3BvcnR1LCBqYWsgaSBzenR1a2kgZ3JhZmljem5lai48XC9wPlxuPGg0Plx1MDBhMDxcL2g0PlxuPFwvZGl2PjxcL2Rpdj48XC9kaXY+PFwvYT48XC9kaXY+PFwvZGl2PiIsIjxkaXYgY2xhc3M9XCJlYWVsLWZpbHRlcmFibGUtZ2FsbGVyeS1pdGVtLXdyYXBcIj5cblx0XHRcdFx0PGRpdiBjbGFzcz1cImVhZWwtZ2FsbGVyeS1ncmlkLWl0ZW1cIj48YSBocmVmPVwiaHR0cHM6XC9cL3ppYWphLXBvcnRmb2xpby5jb20ucGxcL2luZGV4LnBocFwvMjAyNVwvMDJcLzE2XC9tYW5nYS1rbGFzeWtpXC9cIj48ZGl2IGNsYXNzPVwiZ2FsbGVyeS1pdGVtLXRodW1ibmFpbC13cmFwXCI+PGltZyB3aWR0aD1cIjIyMlwiIGhlaWdodD1cIjMwMFwiIHNyYz1cImh0dHBzOlwvXC96aWFqYS1wb3J0Zm9saW8uY29tLnBsXC93cC1jb250ZW50XC91cGxvYWRzXC8yMDI1XC8wMlwvcm9ja3UtMjIyeDMwMC5wbmdcIiBjbGFzcz1cImF0dGFjaG1lbnQtbWVkaXVtIHNpemUtbWVkaXVtIHdwLWltYWdlLTEzNzdcIiBhbHQ9XCJcIiBzcmNzZXQ9XCJodHRwczpcL1wvemlhamEtcG9ydGZvbGlvLmNvbS5wbFwvd3AtY29udGVudFwvdXBsb2Fkc1wvMjAyNVwvMDJcL3JvY2t1LTIyMngzMDAucG5nIDIyMncsIGh0dHBzOlwvXC96aWFqYS1wb3J0Zm9saW8uY29tLnBsXC93cC1jb250ZW50XC91cGxvYWRzXC8yMDI1XC8wMlwvcm9ja3UucG5nIDYyMHdcIiBzaXplcz1cIihtYXgtd2lkdGg6IDIyMnB4KSAxMDB2dywgMjIycHhcIiBcLz48XC9kaXY+PGRpdiBjbGFzcz1cImdhbGxlcnktaXRlbS1jYXB0aW9uLXdyYXAgY2FwdGlvbi1zdHlsZS1ob3ZlcmVyIGVhZWwtc2xpZGUtdXBcIj48ZGl2IGNsYXNzPVwiZ2FsbGVyeS1pdGVtLWhvdmVyZXItYmdcIj48XC9kaXY+PGRpdiBjbGFzcz1cImdhbGxlcnktaXRlbS1jYXB0aW9uLW92ZXJcIj48aDIgY2xhc3M9XCJmZy1pdGVtLXRpdGxlXCI+TWFuZ293ZSBLbGFzeWtpPFwvaDI+PGRpdiBjbGFzcz1cImZnLWl0ZW0tY29udGVudFwiPjxwPlcgdHltIHByb2pla2NpZSBwcnpla3N6dGFcdTAxNDJjYW0gaWtvbmljem5lIHNjZW55IGZpbG1vd2UgdyBpbHVzdHJhY2plIGluc3Bpcm93YW5lIHN0eWxlbVx1MDBhMDxzdHJvbmc+bWFuZ2FcL2FuaW1lPFwvc3Ryb25nPi4gVG8gZWtzcGVyeW1lbnQgemUgc3R5bGlzdHlrXHUwMTA1LCBrb21wb3p5Y2pcdTAxMDUgaSBkeW5hbWlrXHUwMTA1IG9icmF6dSBcdTIwMTMgcmVpbnRlcnByZXR1alx1MDExOSBkb2JyemUgem5hbmUgdWpcdTAxMTljaWEsIG5hZGFqXHUwMTA1YyBpbSBub3dcdTAxMDUgZW5lcmdpXHUwMTE5IGkgZW1vY2plIGNoYXJha3RlcnlzdHljem5lIGRsYSBqYXBvXHUwMTQ0c2tpZWogYW5pbWFjamkgaSBrb21pa3N1LjxcL3A+XG48cD5LYVx1MDE3Y2RhIHByYWNhIHRvIHBvXHUwMTQyXHUwMTA1Y3plbmllIG1vamVqIHBhc2ppIGRvIGtpbmVtYXRvZ3JhZmlpIGkgcnlzdW5rdSwgYSB0YWtcdTAxN2NlIFx1MDEwN3dpY3plbmllIHcgdXByb3N6Y3plbml1IGRldGFsaSwgZWtzcHJlc3lqbnljaCBsaW5pYWNoIGkgd3lyYXppc3R5Y2ggc3lsd2V0a2FjaC4gSmVcdTAxNWJsaSBjaGNlc3ogem9iYWN6eVx1MDEwNywgamFrIHd5Z2xcdTAxMDVkYVx1MDE0MnlieSBrdWx0b3dlIGZpbG15IHcgd2Vyc2ppIGFuaW1lIFx1MjAxMyB0ZW4gcHJvamVrdCBqZXN0IGRsYSBDaWViaWUhPFwvcD5cbjxcL2Rpdj48XC9kaXY+PFwvZGl2PjxcL2E+PFwvZGl2PjxcL2Rpdj4iXQ==\" data-init-show=\"6\">\n            <div class=\"eael-filterable-gallery-item-wrap\">\n\t\t\t\t<div class=\"eael-gallery-grid-item\"><a href=\"https:\/\/ziaja-portfolio.com.pl\/index.php\/2024\/06\/07\/roberto-firmino-50-goli-w-premier-league\/\"><div class=\"gallery-item-thumbnail-wrap\"><img fetchpriority=\"high\" decoding=\"async\" width=\"212\" height=\"300\" src=\"https:\/\/ziaja-portfolio.com.pl\/wp-content\/uploads\/2024\/06\/10-212x300.jpg\" class=\"attachment-medium size-medium wp-image-840\" alt=\"Firmino\" srcset=\"https:\/\/ziaja-portfolio.com.pl\/wp-content\/uploads\/2024\/06\/10-212x300.jpg 212w, https:\/\/ziaja-portfolio.com.pl\/wp-content\/uploads\/2024\/06\/10-724x1024.jpg 724w, https:\/\/ziaja-portfolio.com.pl\/wp-content\/uploads\/2024\/06\/10-768x1086.jpg 768w, https:\/\/ziaja-portfolio.com.pl\/wp-content\/uploads\/2024\/06\/10-1086x1536.jpg 1086w, https:\/\/ziaja-portfolio.com.pl\/wp-content\/uploads\/2024\/06\/10-1448x2048.jpg 1448w, https:\/\/ziaja-portfolio.com.pl\/wp-content\/uploads\/2024\/06\/10-scaled.jpg 1810w\" sizes=\"(max-width: 212px) 100vw, 212px\" \/><\/div><div class=\"gallery-item-caption-wrap caption-style-hoverer eael-slide-up\"><div class=\"gallery-item-hoverer-bg\"><\/div><div class=\"gallery-item-caption-over\"><h2 class=\"fg-item-title\">Roberto Firmino \u2013 50 goli w Premier league.<\/h2><div class=\"fg-item-content\"><div class=\"elementor-element elementor-element-26e361d3 e-flex e-con-boxed e-con e-parent e-lazyloaded elementor-motion-effects-element elementor-motion-effects-element-type-background\">\n<div class=\"e-con-inner\">\n<div class=\"elementor-element elementor-element-692c76bf elementor-widget elementor-widget-text-editor\">\n<div class=\"elementor-widget-container\">\n<p>Rysunek zrobiony z okazji 50 bramki w Premier League, przez Roberto Firmino, gracza Liverpoolu kt\u00f3ry sta\u0142 si\u0119 Brazylijczykiem z najwi\u0119ksz\u0105 liczb\u0105 goli w najwy\u017cszej klasie rozgrywkowej w Anglii.<\/p>\n<\/div>\n<\/div>\n<\/div>\n<\/div>\n<div class=\"elementor-element elementor-element-29bbabda e-flex e-con-boxed e-con e-parent e-lazyloaded\">\n<div class=\"e-con-inner\">\n<div class=\"elementor-element elementor-element-5da60413 elementor-widget elementor-widget-theme-post-featured-image elementor-widget-image\">\u00a0<\/div>\n<\/div>\n<\/div>\n<\/div><\/div><\/div><\/a><\/div><\/div><div class=\"eael-filterable-gallery-item-wrap\">\n\t\t\t\t<div class=\"eael-gallery-grid-item\"><a href=\"https:\/\/ziaja-portfolio.com.pl\/index.php\/2024\/12\/28\/mangacoloring\/\"><div class=\"gallery-item-thumbnail-wrap\"><img decoding=\"async\" width=\"184\" height=\"300\" src=\"https:\/\/ziaja-portfolio.com.pl\/wp-content\/uploads\/2024\/12\/nartutominuatura-184x300.jpg\" class=\"attachment-medium size-medium wp-image-1150\" alt=\"\" srcset=\"https:\/\/ziaja-portfolio.com.pl\/wp-content\/uploads\/2024\/12\/nartutominuatura-184x300.jpg 184w, https:\/\/ziaja-portfolio.com.pl\/wp-content\/uploads\/2024\/12\/nartutominuatura.jpg 541w\" sizes=\"(max-width: 184px) 100vw, 184px\" \/><\/div><div class=\"gallery-item-caption-wrap caption-style-hoverer eael-slide-up\"><div class=\"gallery-item-hoverer-bg\"><\/div><div class=\"gallery-item-caption-over\"><h2 class=\"fg-item-title\">Manga Coloring<\/h2><div class=\"fg-item-content\"><p>Moja przygoda z grafik\u0105 i Photoshopem rozpocz\u0119\u0142a si\u0119, gdy mia\u0142em zaledwie 12-13 lat. Zafascynowany \u015bwiatem mangi, postanowi\u0142em spr\u00f3bowa\u0107 swoich si\u0142 w kolorowaniu ulubionych serii, takich jak\u00a0Naruto,\u00a0Bleach\u00a0i\u00a0Dragon Ball. To w\u0142a\u015bnie od tego momentu zacz\u0105\u0142em rozwija\u0107 swoje umiej\u0119tno\u015bci graficzne, kt\u00f3re z czasem przerodzi\u0142y si\u0119 w prawdziw\u0105 pasj\u0119.<\/p>\n<\/div><\/div><\/div><\/a><\/div><\/div><div class=\"eael-filterable-gallery-item-wrap\">\n\t\t\t\t<div class=\"eael-gallery-grid-item\"><a href=\"https:\/\/ziaja-portfolio.com.pl\/index.php\/2024\/12\/30\/football-heroes\/\"><div class=\"gallery-item-thumbnail-wrap\"><img decoding=\"async\" width=\"205\" height=\"300\" src=\"https:\/\/ziaja-portfolio.com.pl\/wp-content\/uploads\/2024\/12\/Gerrard-205x300.png\" class=\"attachment-medium size-medium wp-image-1218\" alt=\"\" srcset=\"https:\/\/ziaja-portfolio.com.pl\/wp-content\/uploads\/2024\/12\/Gerrard-205x300.png 205w, https:\/\/ziaja-portfolio.com.pl\/wp-content\/uploads\/2024\/12\/Gerrard-700x1024.png 700w, https:\/\/ziaja-portfolio.com.pl\/wp-content\/uploads\/2024\/12\/Gerrard-768x1124.png 768w, https:\/\/ziaja-portfolio.com.pl\/wp-content\/uploads\/2024\/12\/Gerrard.png 820w\" sizes=\"(max-width: 205px) 100vw, 205px\" \/><\/div><div class=\"gallery-item-caption-wrap caption-style-hoverer eael-slide-up\"><div class=\"gallery-item-hoverer-bg\"><\/div><div class=\"gallery-item-caption-over\"><h2 class=\"fg-item-title\">Football Heroes<\/h2><div class=\"fg-item-content\"><p>Projekt &#8222;Football Heroes&#8221; to seria dynamicznych ilustracji stworzonych w formacie komiksowym, maj\u0105cych na celu celebracj\u0119 wybitnych pi\u0142karzy i ich niezapomnianych moment\u00f3w na boisku. Inspiracj\u0105 do stworzenia tej serii by\u0142a ch\u0119\u0107 oddania ho\u0142du legendom pi\u0142ki no\u017cnej oraz ukazanie ich w unikalnym, artystycznym uj\u0119ciu, kt\u00f3re przyci\u0105gnie uwag\u0119 zar\u00f3wno fan\u00f3w sportu, jak i sztuki graficznej.<\/p>\n<h4>\u00a0<\/h4>\n<\/div><\/div><\/div><\/a><\/div><\/div><div class=\"eael-filterable-gallery-item-wrap\">\n\t\t\t\t<div class=\"eael-gallery-grid-item\"><a href=\"https:\/\/ziaja-portfolio.com.pl\/index.php\/2025\/02\/16\/manga-klasyki\/\"><div class=\"gallery-item-thumbnail-wrap\"><img loading=\"lazy\" decoding=\"async\" width=\"222\" height=\"300\" src=\"https:\/\/ziaja-portfolio.com.pl\/wp-content\/uploads\/2025\/02\/rocku-222x300.png\" class=\"attachment-medium size-medium wp-image-1377\" alt=\"\" srcset=\"https:\/\/ziaja-portfolio.com.pl\/wp-content\/uploads\/2025\/02\/rocku-222x300.png 222w, https:\/\/ziaja-portfolio.com.pl\/wp-content\/uploads\/2025\/02\/rocku.png 620w\" sizes=\"(max-width: 222px) 100vw, 222px\" \/><\/div><div class=\"gallery-item-caption-wrap caption-style-hoverer eael-slide-up\"><div class=\"gallery-item-hoverer-bg\"><\/div><div class=\"gallery-item-caption-over\"><h2 class=\"fg-item-title\">Mangowe Klasyki<\/h2><div class=\"fg-item-content\"><p>W tym projekcie przekszta\u0142cam ikoniczne sceny filmowe w ilustracje inspirowane stylem\u00a0<strong>manga\/anime<\/strong>. To eksperyment ze stylistyk\u0105, kompozycj\u0105 i dynamik\u0105 obrazu \u2013 reinterpretuj\u0119 dobrze znane uj\u0119cia, nadaj\u0105c im now\u0105 energi\u0119 i emocje charakterystyczne dla japo\u0144skiej animacji i komiksu.<\/p>\n<p>Ka\u017cda praca to po\u0142\u0105czenie mojej pasji do kinematografii i rysunku, a tak\u017ce \u0107wiczenie w uproszczeniu detali, ekspresyjnych liniach i wyrazistych sylwetkach. Je\u015bli chcesz zobaczy\u0107, jak wygl\u0105da\u0142yby kultowe filmy w wersji anime \u2013 ten projekt jest dla Ciebie!<\/p>\n<\/div><\/div><\/div><\/a><\/div><\/div>        <\/div>\n                <\/div>\n        \n        \t\t\t\t<\/div>\n\t\t\t\t<\/div>\n\t\t\t\t\t<\/div>\n\t\t\t\t<\/div>\n\t\t\t\t<\/div>\n\t\t","protected":false},"excerpt":{"rendered":"<p>Ilustracje komiskowe Witaj w sekcji po\u015bwi\u0119conej mojej pasji do komiksowych rysunk\u00f3w! Komiks to nie tylko obrazki z dymkami \u2013 to medium pe\u0142ne emocji, dynamiki i kreatywno\u015bci, kt\u00f3re od lat fascynuje miliony ludzi na ca\u0142ym \u015bwiecie. Moje prace \u0142\u0105cz\u0105 klasyczn\u0105 estetyk\u0119 komiksu z nowoczesnymi technikami ilustracyjnymi, tworz\u0105c unikalne historie i postaci, kt\u00f3re o\u017cywaj\u0105 na papierze i [&hellip;]<\/p>\n","protected":false},"author":1,"featured_media":0,"parent":0,"menu_order":0,"comment_status":"closed","ping_status":"closed","template":"","meta":{"_acf_changed":false,"_eb_attr":"","inline_featured_image":false,"footnotes":""},"class_list":["post-452","page","type-page","status-publish","hentry","entry"],"acf":[],"_links":{"self":[{"href":"https:\/\/ziaja-portfolio.com.pl\/index.php\/wp-json\/wp\/v2\/pages\/452","targetHints":{"allow":["GET"]}}],"collection":[{"href":"https:\/\/ziaja-portfolio.com.pl\/index.php\/wp-json\/wp\/v2\/pages"}],"about":[{"href":"https:\/\/ziaja-portfolio.com.pl\/index.php\/wp-json\/wp\/v2\/types\/page"}],"author":[{"embeddable":true,"href":"https:\/\/ziaja-portfolio.com.pl\/index.php\/wp-json\/wp\/v2\/users\/1"}],"replies":[{"embeddable":true,"href":"https:\/\/ziaja-portfolio.com.pl\/index.php\/wp-json\/wp\/v2\/comments?post=452"}],"version-history":[{"count":37,"href":"https:\/\/ziaja-portfolio.com.pl\/index.php\/wp-json\/wp\/v2\/pages\/452\/revisions"}],"predecessor-version":[{"id":1392,"href":"https:\/\/ziaja-portfolio.com.pl\/index.php\/wp-json\/wp\/v2\/pages\/452\/revisions\/1392"}],"wp:attachment":[{"href":"https:\/\/ziaja-portfolio.com.pl\/index.php\/wp-json\/wp\/v2\/media?parent=452"}],"curies":[{"name":"wp","href":"https:\/\/api.w.org\/{rel}","templated":true}]}}