{"id":448,"date":"2024-04-13T07:32:57","date_gmt":"2024-04-13T07:32:57","guid":{"rendered":"https:\/\/ziaja-portfolio.com.pl\/?page_id=448"},"modified":"2025-02-16T10:18:53","modified_gmt":"2025-02-16T10:18:53","slug":"digital-painting","status":"publish","type":"page","link":"https:\/\/ziaja-portfolio.com.pl\/index.php\/digital-painting\/","title":{"rendered":"Digital painting"},"content":{"rendered":"\t\t<div data-elementor-type=\"wp-page\" data-elementor-id=\"448\" class=\"elementor elementor-448\">\n\t\t\t\t<div data-particle_enable=\"false\" data-particle-mobile-disabled=\"false\" class=\"elementor-element elementor-element-694c83a0 e-flex e-con-boxed e-con e-parent\" data-id=\"694c83a0\" data-element_type=\"container\" data-e-type=\"container\">\n\t\t\t\t\t<div class=\"e-con-inner\">\n\t\t\t\t<div class=\"elementor-element elementor-element-4de3987a elementor-widget elementor-widget-heading\" data-id=\"4de3987a\" data-element_type=\"widget\" data-e-type=\"widget\" data-widget_type=\"heading.default\">\n\t\t\t\t<div class=\"elementor-widget-container\">\n\t\t\t\t\t<h2 class=\"elementor-heading-title elementor-size-default\">Digital Painting<\/h2>\t\t\t\t<\/div>\n\t\t\t\t<\/div>\n\t\t\t\t<div class=\"elementor-element elementor-element-60e1c2fd elementor-widget elementor-widget-text-editor\" data-id=\"60e1c2fd\" data-element_type=\"widget\" data-e-type=\"widget\" data-widget_type=\"text-editor.default\">\n\t\t\t\t<div class=\"elementor-widget-container\">\n\t\t\t\t\t\t\t\t\t<p data-start=\"106\" data-end=\"371\">Cyfrowe malarstwo to dla mnie przestrze\u0144, w kt\u00f3rej mog\u0119 \u0142\u0105czy\u0107 precyzj\u0119 rysunku z ekspresj\u0105 koloru i \u015bwiat\u0142a. Tworz\u0105c w tej technice, eksploruj\u0119 zar\u00f3wno dynamiczne komiksowe ilustracje, jak i bardziej malarskie podej\u015bcie do portret\u00f3w, pejza\u017cy czy scen sportowych.<\/p><p data-start=\"373\" data-end=\"440\">Aby u\u0142atwi\u0107 nawigacj\u0119, podzieli\u0142em swoje prace na dwie kategorie:<\/p><div class=\"mb-2 flex gap-3 empty:hidden -ml-2\"><div class=\"items-center justify-start rounded-xl p-1 z-10 -mt-1 bg-token-main-surface-primary screen-arch:mt-1 md:absolute flex\">\u00a0<\/div><\/div>\t\t\t\t\t\t\t\t<\/div>\n\t\t\t\t<\/div>\n\t\t\t\t\t<\/div>\n\t\t\t\t<\/div>\n\t\t<div data-particle_enable=\"false\" data-particle-mobile-disabled=\"false\" class=\"elementor-element elementor-element-59068ed2 e-flex e-con-boxed e-con e-parent\" data-id=\"59068ed2\" data-element_type=\"container\" data-e-type=\"container\">\n\t\t\t\t\t<div class=\"e-con-inner\">\n\t\t<div data-particle_enable=\"false\" data-particle-mobile-disabled=\"false\" class=\"elementor-element elementor-element-35fbac30 e-con-full e-flex e-con e-child\" data-id=\"35fbac30\" data-element_type=\"container\" data-e-type=\"container\">\n\t\t\t\t<div class=\"elementor-element elementor-element-3ac4cac7 elementor-widget elementor-widget-image\" data-id=\"3ac4cac7\" data-element_type=\"widget\" data-e-type=\"widget\" data-widget_type=\"image.default\">\n\t\t\t\t<div class=\"elementor-widget-container\">\n\t\t\t\t\t\t\t\t\t\t\t\t\t\t\t<img fetchpriority=\"high\" decoding=\"async\" width=\"450\" height=\"499\" src=\"https:\/\/ziaja-portfolio.com.pl\/wp-content\/uploads\/2024\/12\/komiksowe.png\" class=\"attachment-large size-large wp-image-1106\" alt=\"\" srcset=\"https:\/\/ziaja-portfolio.com.pl\/wp-content\/uploads\/2024\/12\/komiksowe.png 450w, https:\/\/ziaja-portfolio.com.pl\/wp-content\/uploads\/2024\/12\/komiksowe-271x300.png 271w\" sizes=\"(max-width: 450px) 100vw, 450px\" \/>\t\t\t\t\t\t\t\t\t\t\t\t\t\t\t<\/div>\n\t\t\t\t<\/div>\n\t\t\t\t<\/div>\n\t\t<div data-particle_enable=\"false\" data-particle-mobile-disabled=\"false\" class=\"elementor-element elementor-element-47293c39 e-con-full e-flex e-con e-child\" data-id=\"47293c39\" data-element_type=\"container\" data-e-type=\"container\">\n\t\t\t\t<div class=\"elementor-element elementor-element-4130d9d9 elementor-widget elementor-widget-heading\" data-id=\"4130d9d9\" data-element_type=\"widget\" data-e-type=\"widget\" data-widget_type=\"heading.default\">\n\t\t\t\t<div class=\"elementor-widget-container\">\n\t\t\t\t\t<h3 class=\"elementor-heading-title elementor-size-default\"><strong>Ilustracje komiksowe<\/strong><\/h3>\t\t\t\t<\/div>\n\t\t\t\t<\/div>\n\t\t\t\t<div class=\"elementor-element elementor-element-c9183e5 elementor-widget elementor-widget-text-editor\" data-id=\"c9183e5\" data-element_type=\"widget\" data-e-type=\"widget\" data-widget_type=\"text-editor.default\">\n\t\t\t\t<div class=\"elementor-widget-container\">\n\t\t\t\t\t\t\t\t\t<p><\/p>\n<p>Tworz\u0119 dynamiczne i wyraziste sceny oraz postacie w stylu komiksowym. Uwielbiam u\u017cywa\u0107 \u017cywych kolor\u00f3w i wyrazistych linii, aby odda\u0107 ducha komiksu i opowiada\u0107 anga\u017cuj\u0105ce historie.<br>Oraz lubi\u0119 te\u017c bawi\u0107 si\u0119 w koloryst\u0119 komiksowego i zdarza mi si\u0119 kolorowa\u0107 rysunki innych artyst\u00f3w od Mang, po Marvela i DC.&nbsp;<\/p>\t\t\t\t\t\t\t\t<\/div>\n\t\t\t\t<\/div>\n\t\t\t\t<div class=\"elementor-element elementor-element-a2d3a7d elementor-widget elementor-widget-button\" data-id=\"a2d3a7d\" data-element_type=\"widget\" data-e-type=\"widget\" data-widget_type=\"button.default\">\n\t\t\t\t<div class=\"elementor-widget-container\">\n\t\t\t\t\t\t\t\t\t<div class=\"elementor-button-wrapper\">\n\t\t\t\t\t<a class=\"elementor-button elementor-button-link elementor-size-sm\" href=\"https:\/\/ziaja-portfolio.com.pl\/index.php\/komiksowe\/\">\n\t\t\t\t\t\t<span class=\"elementor-button-content-wrapper\">\n\t\t\t\t\t\t\t\t\t<span class=\"elementor-button-text\">Przejd\u017a dalej <\/span>\n\t\t\t\t\t<\/span>\n\t\t\t\t\t<\/a>\n\t\t\t\t<\/div>\n\t\t\t\t\t\t\t\t<\/div>\n\t\t\t\t<\/div>\n\t\t\t\t<\/div>\n\t\t\t\t\t<\/div>\n\t\t\t\t<\/div>\n\t\t<div data-particle_enable=\"false\" data-particle-mobile-disabled=\"false\" class=\"elementor-element elementor-element-31b72fd5 e-flex e-con-boxed e-con e-parent\" data-id=\"31b72fd5\" data-element_type=\"container\" data-e-type=\"container\">\n\t\t\t\t\t<div class=\"e-con-inner\">\n\t\t<div data-particle_enable=\"false\" data-particle-mobile-disabled=\"false\" class=\"elementor-element elementor-element-1488d574 e-con-full e-flex e-con e-child\" data-id=\"1488d574\" data-element_type=\"container\" data-e-type=\"container\">\n\t\t\t\t<div class=\"elementor-element elementor-element-5035719c elementor-widget elementor-widget-heading\" data-id=\"5035719c\" data-element_type=\"widget\" data-e-type=\"widget\" data-widget_type=\"heading.default\">\n\t\t\t\t<div class=\"elementor-widget-container\">\n\t\t\t\t\t<h3 class=\"elementor-heading-title elementor-size-default\">Digital Painting<\/h3>\t\t\t\t<\/div>\n\t\t\t\t<\/div>\n\t\t\t\t<div class=\"elementor-element elementor-element-1ad7b321 elementor-widget__width-auto elementor-widget elementor-widget-text-editor\" data-id=\"1ad7b321\" data-element_type=\"widget\" data-e-type=\"widget\" data-widget_type=\"text-editor.default\">\n\t\t\t\t<div class=\"elementor-widget-container\">\n\t\t\t\t\t\t\t\t\t<p>\u00a0<\/p><p data-start=\"28\" data-end=\"359\">W tej sekcji prezentuj\u0119 cyfrowe prace wykraczaj\u0105ce poza komiksow\u0105 stylistyk\u0119. Znajdziesz tu portrety pe\u0142ne emocji, malarskie pejza\u017ce oraz dynamiczne sceny pi\u0142karskie, w kt\u00f3rych staram si\u0119 uchwyci\u0107 ruch i energi\u0119. Eksperymentuj\u0119 z kolorem, \u015bwiat\u0142em i faktur\u0105, szukaj\u0105c nowych \u015brodk\u00f3w wyrazu i unikalnego klimatu ka\u017cdej ilustracji.<\/p>\t\t\t\t\t\t\t\t<\/div>\n\t\t\t\t<\/div>\n\t\t\t\t<div class=\"elementor-element elementor-element-b05389e elementor-widget elementor-widget-button\" data-id=\"b05389e\" data-element_type=\"widget\" data-e-type=\"widget\" data-widget_type=\"button.default\">\n\t\t\t\t<div class=\"elementor-widget-container\">\n\t\t\t\t\t\t\t\t\t<div class=\"elementor-button-wrapper\">\n\t\t\t\t\t<a class=\"elementor-button elementor-button-link elementor-size-sm\" href=\"https:\/\/ziaja-portfolio.com.pl\/index.php\/portrety\/\">\n\t\t\t\t\t\t<span class=\"elementor-button-content-wrapper\">\n\t\t\t\t\t\t\t\t\t<span class=\"elementor-button-text\">Przejd\u017a dalej <\/span>\n\t\t\t\t\t<\/span>\n\t\t\t\t\t<\/a>\n\t\t\t\t<\/div>\n\t\t\t\t\t\t\t\t<\/div>\n\t\t\t\t<\/div>\n\t\t\t\t<\/div>\n\t\t<div data-particle_enable=\"false\" data-particle-mobile-disabled=\"false\" class=\"elementor-element elementor-element-7e49de01 e-con-full e-flex e-con e-child\" data-id=\"7e49de01\" data-element_type=\"container\" data-e-type=\"container\">\n\t\t\t\t<div class=\"elementor-element elementor-element-36ed38ee elementor-widget elementor-widget-image\" data-id=\"36ed38ee\" data-element_type=\"widget\" data-e-type=\"widget\" data-widget_type=\"image.default\">\n\t\t\t\t<div class=\"elementor-widget-container\">\n\t\t\t\t\t\t\t\t\t\t\t\t\t\t\t<img decoding=\"async\" width=\"516\" height=\"557\" src=\"https:\/\/ziaja-portfolio.com.pl\/wp-content\/uploads\/2024\/12\/portrety.png\" class=\"attachment-large size-large wp-image-1107\" alt=\"\" srcset=\"https:\/\/ziaja-portfolio.com.pl\/wp-content\/uploads\/2024\/12\/portrety.png 516w, https:\/\/ziaja-portfolio.com.pl\/wp-content\/uploads\/2024\/12\/portrety-278x300.png 278w\" sizes=\"(max-width: 516px) 100vw, 516px\" \/>\t\t\t\t\t\t\t\t\t\t\t\t\t\t\t<\/div>\n\t\t\t\t<\/div>\n\t\t\t\t<\/div>\n\t\t\t\t\t<\/div>\n\t\t\t\t<\/div>\n\t\t\t\t<\/div>\n\t\t","protected":false},"excerpt":{"rendered":"<p>Digital Painting Cyfrowe malarstwo to dla mnie przestrze\u0144, w kt\u00f3rej mog\u0119 \u0142\u0105czy\u0107 precyzj\u0119 rysunku z ekspresj\u0105 koloru i \u015bwiat\u0142a. Tworz\u0105c w tej technice, eksploruj\u0119 zar\u00f3wno dynamiczne komiksowe ilustracje, jak i bardziej malarskie podej\u015bcie do portret\u00f3w, pejza\u017cy czy scen sportowych. Aby u\u0142atwi\u0107 nawigacj\u0119, podzieli\u0142em swoje prace na dwie kategorie: \u00a0 Ilustracje komiksowe Tworz\u0119 dynamiczne i wyraziste [&hellip;]<\/p>\n","protected":false},"author":1,"featured_media":0,"parent":0,"menu_order":0,"comment_status":"closed","ping_status":"closed","template":"","meta":{"_acf_changed":false,"_eb_attr":"","inline_featured_image":false,"footnotes":""},"class_list":["post-448","page","type-page","status-publish","hentry","entry"],"acf":[],"_links":{"self":[{"href":"https:\/\/ziaja-portfolio.com.pl\/index.php\/wp-json\/wp\/v2\/pages\/448","targetHints":{"allow":["GET"]}}],"collection":[{"href":"https:\/\/ziaja-portfolio.com.pl\/index.php\/wp-json\/wp\/v2\/pages"}],"about":[{"href":"https:\/\/ziaja-portfolio.com.pl\/index.php\/wp-json\/wp\/v2\/types\/page"}],"author":[{"embeddable":true,"href":"https:\/\/ziaja-portfolio.com.pl\/index.php\/wp-json\/wp\/v2\/users\/1"}],"replies":[{"embeddable":true,"href":"https:\/\/ziaja-portfolio.com.pl\/index.php\/wp-json\/wp\/v2\/comments?post=448"}],"version-history":[{"count":16,"href":"https:\/\/ziaja-portfolio.com.pl\/index.php\/wp-json\/wp\/v2\/pages\/448\/revisions"}],"predecessor-version":[{"id":1364,"href":"https:\/\/ziaja-portfolio.com.pl\/index.php\/wp-json\/wp\/v2\/pages\/448\/revisions\/1364"}],"wp:attachment":[{"href":"https:\/\/ziaja-portfolio.com.pl\/index.php\/wp-json\/wp\/v2\/media?parent=448"}],"curies":[{"name":"wp","href":"https:\/\/api.w.org\/{rel}","templated":true}]}}