{"id":383,"date":"2024-04-12T20:56:19","date_gmt":"2024-04-12T20:56:19","guid":{"rendered":"https:\/\/ziaja-portfolio.com.pl\/index.php\/portfolio\/"},"modified":"2024-11-28T21:34:37","modified_gmt":"2024-11-28T21:34:37","slug":"portfolio","status":"publish","type":"page","link":"https:\/\/ziaja-portfolio.com.pl\/index.php\/portfolio\/","title":{"rendered":"Portfolio"},"content":{"rendered":"\t\t<div data-elementor-type=\"wp-page\" data-elementor-id=\"383\" class=\"elementor elementor-383\">\n\t\t\t\t<div data-particle_enable=\"false\" data-particle-mobile-disabled=\"false\" class=\"elementor-element elementor-element-2669ed65 e-flex e-con-boxed e-con e-parent\" data-id=\"2669ed65\" data-element_type=\"container\" data-e-type=\"container\">\n\t\t\t\t\t<div class=\"e-con-inner\">\n\t\t\t\t<div class=\"elementor-element elementor-element-1198900b elementor-widget elementor-widget-heading\" data-id=\"1198900b\" data-element_type=\"widget\" data-e-type=\"widget\" data-widget_type=\"heading.default\">\n\t\t\t\t<div class=\"elementor-widget-container\">\n\t\t\t\t\t<h2 class=\"elementor-heading-title elementor-size-default\">Portfolio<\/h2>\t\t\t\t<\/div>\n\t\t\t\t<\/div>\n\t\t\t\t<div class=\"elementor-element elementor-element-37dbe7cf elementor-widget elementor-widget-text-editor\" data-id=\"37dbe7cf\" data-element_type=\"widget\" data-e-type=\"widget\" data-widget_type=\"text-editor.default\">\n\t\t\t\t<div class=\"elementor-widget-container\">\n\t\t\t\t\t\t\t\t\t<p>Witaj w moim portfolio! Zapraszam do odkrywania mojej tw\u00f3rczo\u015bci, kt\u00f3ra jest podzielona na nast\u0119puj\u0105ce kategorie:<\/p>\t\t\t\t\t\t\t\t<\/div>\n\t\t\t\t<\/div>\n\t\t\t\t\t<\/div>\n\t\t\t\t<\/div>\n\t\t<div data-particle_enable=\"false\" data-particle-mobile-disabled=\"false\" class=\"elementor-element elementor-element-3af7b71b e-flex e-con-boxed e-con e-parent\" data-id=\"3af7b71b\" data-element_type=\"container\" data-e-type=\"container\">\n\t\t\t\t\t<div class=\"e-con-inner\">\n\t\t<div data-particle_enable=\"false\" data-particle-mobile-disabled=\"false\" class=\"elementor-element elementor-element-31454275 e-con-full e-flex e-con e-child\" data-id=\"31454275\" data-element_type=\"container\" data-e-type=\"container\">\n\t\t\t\t<div class=\"elementor-element elementor-element-1bb42071 elementor-widget elementor-widget-image\" data-id=\"1bb42071\" data-element_type=\"widget\" data-e-type=\"widget\" data-widget_type=\"image.default\">\n\t\t\t\t<div class=\"elementor-widget-container\">\n\t\t\t\t\t\t\t\t\t\t\t\t\t\t\t<img fetchpriority=\"high\" decoding=\"async\" width=\"450\" height=\"499\" src=\"https:\/\/ziaja-portfolio.com.pl\/wp-content\/uploads\/2024\/11\/dp_img.png\" class=\"attachment-full size-full wp-image-996\" alt=\"\" srcset=\"https:\/\/ziaja-portfolio.com.pl\/wp-content\/uploads\/2024\/11\/dp_img.png 450w, https:\/\/ziaja-portfolio.com.pl\/wp-content\/uploads\/2024\/11\/dp_img-271x300.png 271w\" sizes=\"(max-width: 450px) 100vw, 450px\" \/>\t\t\t\t\t\t\t\t\t\t\t\t\t\t\t<\/div>\n\t\t\t\t<\/div>\n\t\t\t\t<\/div>\n\t\t<div data-particle_enable=\"false\" data-particle-mobile-disabled=\"false\" class=\"elementor-element elementor-element-9a1da9b e-con-full e-flex e-con e-child\" data-id=\"9a1da9b\" data-element_type=\"container\" data-e-type=\"container\">\n\t\t\t\t<div class=\"elementor-element elementor-element-1d493077 elementor-widget elementor-widget-heading\" data-id=\"1d493077\" data-element_type=\"widget\" data-e-type=\"widget\" data-widget_type=\"heading.default\">\n\t\t\t\t<div class=\"elementor-widget-container\">\n\t\t\t\t\t<h3 class=\"elementor-heading-title elementor-size-default\">Digital Painting<\/h3>\t\t\t\t<\/div>\n\t\t\t\t<\/div>\n\t\t\t\t<div class=\"elementor-element elementor-element-52a7bd7d elementor-widget elementor-widget-text-editor\" data-id=\"52a7bd7d\" data-element_type=\"widget\" data-e-type=\"widget\" data-widget_type=\"text-editor.default\">\n\t\t\t\t<div class=\"elementor-widget-container\">\n\t\t\t\t\t\t\t\t\t<p><strong>Komiksowe: <\/strong>Dynamiczne rysunki komiksowe, pe\u0142ne wyrazistych postaci i barwnych opowie\u015bci.<\/p><p>\u00a0<\/p><p><strong>Portrety:<\/strong> Realistyczne i szczeg\u00f3\u0142owe portrety cyfrowe, uchwycaj\u0105ce emocje i osobowo\u015b\u0107 modeli.<\/p><p>\u00a0<\/p><p><strong>Inne:<\/strong> R\u00f3\u017cnorodne ilustracje, od fantastycznych pejza\u017cy po abstrakcyjne kompozycje, kt\u00f3re pobudzaj\u0105 wyobra\u017ani\u0119.<\/p><div>\u00a0<\/div>\t\t\t\t\t\t\t\t<\/div>\n\t\t\t\t<\/div>\n\t\t\t\t<div class=\"elementor-element elementor-element-a53a875 elementor-widget elementor-widget-button\" data-id=\"a53a875\" data-element_type=\"widget\" data-e-type=\"widget\" data-widget_type=\"button.default\">\n\t\t\t\t<div class=\"elementor-widget-container\">\n\t\t\t\t\t\t\t\t\t<div class=\"elementor-button-wrapper\">\n\t\t\t\t\t<a class=\"elementor-button elementor-button-link elementor-size-sm\" href=\"https:\/\/ziaja-portfolio.com.pl\/index.php\/digital-painting\/\">\n\t\t\t\t\t\t<span class=\"elementor-button-content-wrapper\">\n\t\t\t\t\t\t\t\t\t<span class=\"elementor-button-text\">Przejd\u017a dalej <\/span>\n\t\t\t\t\t<\/span>\n\t\t\t\t\t<\/a>\n\t\t\t\t<\/div>\n\t\t\t\t\t\t\t\t<\/div>\n\t\t\t\t<\/div>\n\t\t\t\t<\/div>\n\t\t\t\t\t<\/div>\n\t\t\t\t<\/div>\n\t\t<div data-particle_enable=\"false\" data-particle-mobile-disabled=\"false\" class=\"elementor-element elementor-element-42ca4253 e-flex e-con-boxed e-con e-parent\" data-id=\"42ca4253\" data-element_type=\"container\" data-e-type=\"container\">\n\t\t\t\t\t<div class=\"e-con-inner\">\n\t\t<div data-particle_enable=\"false\" data-particle-mobile-disabled=\"false\" class=\"elementor-element elementor-element-1491ebba e-con-full e-flex e-con e-child\" data-id=\"1491ebba\" data-element_type=\"container\" data-e-type=\"container\">\n\t\t\t\t<div class=\"elementor-element elementor-element-1aabcf60 elementor-widget elementor-widget-heading\" data-id=\"1aabcf60\" data-element_type=\"widget\" data-e-type=\"widget\" data-widget_type=\"heading.default\">\n\t\t\t\t<div class=\"elementor-widget-container\">\n\t\t\t\t\t<h3 class=\"elementor-heading-title elementor-size-default\">Branding<\/h3>\t\t\t\t<\/div>\n\t\t\t\t<\/div>\n\t\t\t\t<div class=\"elementor-element elementor-element-734ce0e6 elementor-widget__width-auto elementor-widget elementor-widget-text-editor\" data-id=\"734ce0e6\" data-element_type=\"widget\" data-e-type=\"widget\" data-widget_type=\"text-editor.default\">\n\t\t\t\t<div class=\"elementor-widget-container\">\n\t\t\t\t\t\t\t\t\t<p>Kreatywne projekty identyfikacji wizualnej, kt\u00f3re pomagaj\u0105 markom wyr\u00f3\u017cni\u0107 si\u0119 na rynku i budowa\u0107 unikalny wizerunek.<\/p><div>\u00a0<\/div>\t\t\t\t\t\t\t\t<\/div>\n\t\t\t\t<\/div>\n\t\t\t\t<div class=\"elementor-element elementor-element-65957a6e elementor-widget elementor-widget-button\" data-id=\"65957a6e\" data-element_type=\"widget\" data-e-type=\"widget\" data-widget_type=\"button.default\">\n\t\t\t\t<div class=\"elementor-widget-container\">\n\t\t\t\t\t\t\t\t\t<div class=\"elementor-button-wrapper\">\n\t\t\t\t\t<a class=\"elementor-button elementor-button-link elementor-size-sm\" href=\"https:\/\/ziaja-portfolio.com.pl\/index.php\/branding\/\">\n\t\t\t\t\t\t<span class=\"elementor-button-content-wrapper\">\n\t\t\t\t\t\t\t\t\t<span class=\"elementor-button-text\">Przejd\u017a dalej <\/span>\n\t\t\t\t\t<\/span>\n\t\t\t\t\t<\/a>\n\t\t\t\t<\/div>\n\t\t\t\t\t\t\t\t<\/div>\n\t\t\t\t<\/div>\n\t\t\t\t<\/div>\n\t\t<div data-particle_enable=\"false\" data-particle-mobile-disabled=\"false\" class=\"elementor-element elementor-element-384cffb8 e-con-full e-flex e-con e-child\" data-id=\"384cffb8\" data-element_type=\"container\" data-e-type=\"container\">\n\t\t\t\t<div class=\"elementor-element elementor-element-144543a0 elementor-widget elementor-widget-image\" data-id=\"144543a0\" data-element_type=\"widget\" data-e-type=\"widget\" data-widget_type=\"image.default\">\n\t\t\t\t<div class=\"elementor-widget-container\">\n\t\t\t\t\t\t\t\t\t\t\t\t\t\t\t<img decoding=\"async\" width=\"516\" height=\"557\" src=\"https:\/\/ziaja-portfolio.com.pl\/wp-content\/uploads\/2024\/11\/branding.png\" class=\"attachment-full size-full wp-image-995\" alt=\"\" srcset=\"https:\/\/ziaja-portfolio.com.pl\/wp-content\/uploads\/2024\/11\/branding.png 516w, https:\/\/ziaja-portfolio.com.pl\/wp-content\/uploads\/2024\/11\/branding-278x300.png 278w\" sizes=\"(max-width: 516px) 100vw, 516px\" \/>\t\t\t\t\t\t\t\t\t\t\t\t\t\t\t<\/div>\n\t\t\t\t<\/div>\n\t\t\t\t<\/div>\n\t\t\t\t\t<\/div>\n\t\t\t\t<\/div>\n\t\t<div data-particle_enable=\"false\" data-particle-mobile-disabled=\"false\" class=\"elementor-element elementor-element-7664148 e-flex e-con-boxed e-con e-parent\" data-id=\"7664148\" data-element_type=\"container\" data-e-type=\"container\">\n\t\t\t\t\t<div class=\"e-con-inner\">\n\t\t<div data-particle_enable=\"false\" data-particle-mobile-disabled=\"false\" class=\"elementor-element elementor-element-7bc9aa1 e-con-full e-flex e-con e-child\" data-id=\"7bc9aa1\" data-element_type=\"container\" data-e-type=\"container\">\n\t\t\t\t<div class=\"elementor-element elementor-element-3cc1146 elementor-widget elementor-widget-image\" data-id=\"3cc1146\" data-element_type=\"widget\" data-e-type=\"widget\" data-widget_type=\"image.default\">\n\t\t\t\t<div class=\"elementor-widget-container\">\n\t\t\t\t\t\t\t\t\t\t\t\t\t\t\t<img decoding=\"async\" width=\"537\" height=\"576\" src=\"https:\/\/ziaja-portfolio.com.pl\/wp-content\/uploads\/2024\/11\/inneimage.png\" class=\"attachment-full size-full wp-image-994\" alt=\"\" srcset=\"https:\/\/ziaja-portfolio.com.pl\/wp-content\/uploads\/2024\/11\/inneimage.png 537w, https:\/\/ziaja-portfolio.com.pl\/wp-content\/uploads\/2024\/11\/inneimage-280x300.png 280w\" sizes=\"(max-width: 537px) 100vw, 537px\" \/>\t\t\t\t\t\t\t\t\t\t\t\t\t\t\t<\/div>\n\t\t\t\t<\/div>\n\t\t\t\t<\/div>\n\t\t<div data-particle_enable=\"false\" data-particle-mobile-disabled=\"false\" class=\"elementor-element elementor-element-5ff10c3 e-con-full e-flex e-con e-child\" data-id=\"5ff10c3\" data-element_type=\"container\" data-e-type=\"container\">\n\t\t\t\t<div class=\"elementor-element elementor-element-2bdbc29 elementor-widget elementor-widget-heading\" data-id=\"2bdbc29\" data-element_type=\"widget\" data-e-type=\"widget\" data-widget_type=\"heading.default\">\n\t\t\t\t<div class=\"elementor-widget-container\">\n\t\t\t\t\t<h3 class=\"elementor-heading-title elementor-size-default\">Inne<\/h3>\t\t\t\t<\/div>\n\t\t\t\t<\/div>\n\t\t\t\t<div class=\"elementor-element elementor-element-b41ed98 elementor-widget elementor-widget-text-editor\" data-id=\"b41ed98\" data-element_type=\"widget\" data-e-type=\"widget\" data-widget_type=\"text-editor.default\">\n\t\t\t\t<div class=\"elementor-widget-container\">\n\t\t\t\t\t\t\t\t\t<p>Grafiki zwi\u0105zane g\u0142\u00f3wnie z pi\u0142k\u0105 no\u017cn\u0105, w tym plakaty, grafiki promocyjne i wizualizacje dru\u017cyn oraz zawodnik\u00f3w. Ale znajdziemy te\u017c inne rzeczy, jak fanowskie plakaty filmowe, infografiki na r\u00f3\u017cne tematy kt\u00f3re nie chce przypisywa\u0107 pod dan\u0105 kategori\u0119.&nbsp;<\/p>\t\t\t\t\t\t\t\t<\/div>\n\t\t\t\t<\/div>\n\t\t\t\t<div class=\"elementor-element elementor-element-93eafe1 elementor-widget elementor-widget-button\" data-id=\"93eafe1\" data-element_type=\"widget\" data-e-type=\"widget\" data-widget_type=\"button.default\">\n\t\t\t\t<div class=\"elementor-widget-container\">\n\t\t\t\t\t\t\t\t\t<div class=\"elementor-button-wrapper\">\n\t\t\t\t\t<a class=\"elementor-button elementor-button-link elementor-size-sm\" href=\"https:\/\/ziaja-portfolio.com.pl\/index.php\/football\/\">\n\t\t\t\t\t\t<span class=\"elementor-button-content-wrapper\">\n\t\t\t\t\t\t\t\t\t<span class=\"elementor-button-text\">Przejd\u017a dalej <\/span>\n\t\t\t\t\t<\/span>\n\t\t\t\t\t<\/a>\n\t\t\t\t<\/div>\n\t\t\t\t\t\t\t\t<\/div>\n\t\t\t\t<\/div>\n\t\t\t\t<\/div>\n\t\t\t\t\t<\/div>\n\t\t\t\t<\/div>\n\t\t\t\t<\/div>\n\t\t","protected":false},"excerpt":{"rendered":"<p>Portfolio Witaj w moim portfolio! Zapraszam do odkrywania mojej tw\u00f3rczo\u015bci, kt\u00f3ra jest podzielona na nast\u0119puj\u0105ce kategorie: Digital Painting Komiksowe: Dynamiczne rysunki komiksowe, pe\u0142ne wyrazistych postaci i barwnych opowie\u015bci. \u00a0 Portrety: Realistyczne i szczeg\u00f3\u0142owe portrety cyfrowe, uchwycaj\u0105ce emocje i osobowo\u015b\u0107 modeli. \u00a0 Inne: R\u00f3\u017cnorodne ilustracje, od fantastycznych pejza\u017cy po abstrakcyjne kompozycje, kt\u00f3re pobudzaj\u0105 wyobra\u017ani\u0119. \u00a0 Przejd\u017a [&hellip;]<\/p>\n","protected":false},"author":1,"featured_media":0,"parent":0,"menu_order":0,"comment_status":"closed","ping_status":"closed","template":"","meta":{"_acf_changed":false,"_eb_attr":"","inline_featured_image":false,"footnotes":""},"class_list":["post-383","page","type-page","status-publish","hentry","entry"],"acf":[],"_links":{"self":[{"href":"https:\/\/ziaja-portfolio.com.pl\/index.php\/wp-json\/wp\/v2\/pages\/383","targetHints":{"allow":["GET"]}}],"collection":[{"href":"https:\/\/ziaja-portfolio.com.pl\/index.php\/wp-json\/wp\/v2\/pages"}],"about":[{"href":"https:\/\/ziaja-portfolio.com.pl\/index.php\/wp-json\/wp\/v2\/types\/page"}],"author":[{"embeddable":true,"href":"https:\/\/ziaja-portfolio.com.pl\/index.php\/wp-json\/wp\/v2\/users\/1"}],"replies":[{"embeddable":true,"href":"https:\/\/ziaja-portfolio.com.pl\/index.php\/wp-json\/wp\/v2\/comments?post=383"}],"version-history":[{"count":25,"href":"https:\/\/ziaja-portfolio.com.pl\/index.php\/wp-json\/wp\/v2\/pages\/383\/revisions"}],"predecessor-version":[{"id":999,"href":"https:\/\/ziaja-portfolio.com.pl\/index.php\/wp-json\/wp\/v2\/pages\/383\/revisions\/999"}],"wp:attachment":[{"href":"https:\/\/ziaja-portfolio.com.pl\/index.php\/wp-json\/wp\/v2\/media?parent=383"}],"curies":[{"name":"wp","href":"https:\/\/api.w.org\/{rel}","templated":true}]}}